{"id":34,"date":"2023-03-09T22:55:50","date_gmt":"2023-03-09T22:55:50","guid":{"rendered":"https:\/\/sheep-casing.com\/?page_id=34"},"modified":"2023-09-27T20:45:27","modified_gmt":"2023-09-27T20:45:27","slug":"hygiene-certificates","status":"publish","type":"page","link":"https:\/\/sheep-casing.com\/?page_id=34","title":{"rendered":"Hygiene Certificates &#8211; Zertifizierte Hygiene"},"content":{"rendered":"<p>[vc_row content_layout=&#8220;boxed&#8220; equal_height=&#8220;&#8220; animation_delay=&#8220;&#8220; disable=&#8220;&#8220; id=&#8220;&#8220; class=&#8220;&#8220; bg_type=&#8220;image&#8220; bg_image=&#8220;&#8220; color_overlay=&#8220;&#8220; enable_parallax=&#8220;&#8220; enable_pattern=&#8220;&#8220;][vc_column layout=&#8220;normal&#8220; vertical_align=&#8220;auto&#8220; animation_delay=&#8220;&#8220;][vc_separator color=&#8220;custom&#8220; style=&#8220;double&#8220; border_width=&#8220;3&#8243; css_animation=&#8220;fadeInLeft&#8220; accent_color=&#8220;#9e2222&#8243;][\/vc_column][\/vc_row][vc_row content_layout=&#8220;boxed&#8220; equal_height=&#8220;&#8220; animation_delay=&#8220;&#8220; disable=&#8220;&#8220; id=&#8220;&#8220; class=&#8220;&#8220; bg_type=&#8220;image&#8220; bg_image=&#8220;&#8220; color_overlay=&#8220;&#8220; enable_parallax=&#8220;&#8220; enable_pattern=&#8220;&#8220;][vc_column layout=&#8220;normal&#8220; vertical_align=&#8220;auto&#8220; animation_delay=&#8220;&#8220; width=&#8220;1\/2&#8243;][vc_column_text]The sheep casings originate from EU certified sheep casing production in Iran and comply with all national and international guidelines.<\/p>\n<p>Processed with traditional manual processes using water Hygienic quality of all processes due to the use of an HACCP (Hazard Analysis and Critical Control Point) plan.<\/p>\n<p>The hygienic safety of our sheep casings is guaranteed because we have HACCP monitoring according to EU standards from the start of production to the delivery of the products to our customers.<\/p>\n<p>With our quality assurance system, we and our manufacturer can check at any time that the sheep casings are in perfect condition.[\/vc_column_text][\/vc_column][vc_column layout=&#8220;normal&#8220; vertical_align=&#8220;auto&#8220; animation_delay=&#8220;&#8220; width=&#8220;1\/2&#8243;][vc_column_text]Unsere Saitlinge stammen aus EU-zertifizierter Saitling-Produktion im Iran. Die zus\u00e4tzlichen regelm\u00e4\u00dfigen und strengen Audits durch das \u00f6rtliche staatliche Lebensmittel- und Veterin\u00e4ramt gew\u00e4hrleisten die Einhaltung s\u00e4mtlicher nationalen und internationalen Richtlinien.<\/p>\n<p>Der Verarbeitungsprozess der Saitlinge gliedert sich in die Schritte:<\/p>\n<p>S\u00e4ubern | Schleimen | Vorsortieren | Kalibrieren |<br \/>\nBestimmen der Qualit\u00e4t | Messen und Konservieren durch Salz |<br \/>\ns\u00e4mtlich in traditioneller Handarbeit unter Einsatz von Wasser.<\/p>\n<p>Die hygienische Unbedenklichkeit aller Prozesse ist durch die EU-konforme Zertifizierung des detaillierten HACCP-Konzepts sichergestellt. Von Produktionsbeginn bis zur Auslieferung an unsere Kunden ist die HACCP-\u00dcberwachung nach europ\u00e4ischen Standards implementiert. Die Analyse und Probenentnahme erfolgt vor dem Transport in die EU und bei der Ankunft am Zoll in der EU.<\/p>\n<p>Das iranische Veterin\u00e4ramt f\u00fchrt im Auftrag des Lebensmittel- und Veterin\u00e4ramts der EU in Dublin regelm\u00e4\u00dfig die notwendigen Kontrollen der Produktionslinien durch.<\/p>\n<p>Es stellt daraufhin die Ausfuhrgenehmigung im Auftrag von EU aus und bescheinigt die hygienische Unbedenklichkeit der Saitlinge. Dazu entnimmt das Staatliche Veterin\u00e4ramt Proben und analysiert diese nach den relevanten<br \/>\nEU-Standards. Dies garantiert einen sicheren und nachpr\u00fcfbaren Auditprozess der Entnahme, Analyse, Ergebnisdokumentation und Ausstellung der Einfuhrgenehmigung in die EU. In Deutschland erfolgt bei der Verzollung der Ware eine weitere Probenentnahme und Analyse.<\/p>\n<p>Die Inspektionsbesuche des Lebensmittel- und Veterin\u00e4ramts der EU im Iran gew\u00e4hrleisten mit den entsprechenden \u00c4mtern im Iran die sachgerechte Umsetzung und Durchsetzung der EU-Rechtsvorschriften f\u00fcr den EU-Import. So \u00fcberpr\u00fcfen, bewerten und zertifizieren staatliche Stellen die Einhaltung der EU-Standards auf dem gesamten Produktions- und Lieferweg.<\/p>\n<p><em>\u201eMit unserem Qualit\u00e4tssicherungssystem weisen wir mit unserem Hersteller den einwandfreien Zustand der Saitlinge jederzeit \u00fcberpr\u00fcfbar nach.\u201c<\/em>[\/vc_column_text][\/vc_column][\/vc_row][vc_row content_layout=&#8220;boxed&#8220; equal_height=&#8220;&#8220; animation_delay=&#8220;&#8220; disable=&#8220;&#8220; id=&#8220;&#8220; class=&#8220;&#8220; bg_type=&#8220;image&#8220; bg_image=&#8220;&#8220; color_overlay=&#8220;&#8220; enable_parallax=&#8220;&#8220; enable_pattern=&#8220;&#8220;][vc_column layout=&#8220;normal&#8220; vertical_align=&#8220;auto&#8220; animation_delay=&#8220;&#8220;][vc_separator color=&#8220;custom&#8220; style=&#8220;double&#8220; border_width=&#8220;3&#8243; css_animation=&#8220;fadeInRight&#8220; accent_color=&#8220;#9e2222&#8243;][\/vc_column][\/vc_row]<\/p>\n","protected":false},"excerpt":{"rendered":"<p>[vc_row content_layout=&#8220;boxed&#8220; equal_height=&#8220;&#8220; animation_delay=&#8220;&#8220; disable=&#8220;&#8220; id=&#8220;&#8220; class=&#8220;&#8220; bg_type=&#8220;image&#8220; bg_image=&#8220;&#8220; color_overlay=&#8220;&#8220; enable_parallax=&#8220;&#8220; enable_pattern=&#8220;&#8220;][vc_column layout=&#8220;normal&#8220; vertical_align=&#8220;auto&#8220; animation_delay=&#8220;&#8220;][vc_separator color=&#8220;custom&#8220; style=&#8220;double&#8220; border_width=&#8220;3&#8243; css_animation=&#8220;fadeInLeft&#8220; accent_color=&#8220;#9e2222&#8243;][\/vc_column][\/vc_row][vc_row content_layout=&#8220;boxed&#8220; equal_height=&#8220;&#8220; animation_delay=&#8220;&#8220; disable=&#8220;&#8220; id=&#8220;&#8220; class=&#8220;&#8220; bg_type=&#8220;image&#8220; bg_image=&#8220;&#8220; color_overlay=&#8220;&#8220; enable_parallax=&#8220;&#8220; enable_pattern=&#8220;&#8220;][vc_column layout=&#8220;normal&#8220; vertical_align=&#8220;auto&#8220; animation_delay=&#8220;&#8220; width=&#8220;1\/2&#8243;][vc_column_text]The sheep casings originate from EU certified sheep casing production in Iran and comply with all national and international guidelines. Processed [&hellip;]<\/p>\n","protected":false},"author":1,"featured_media":0,"parent":0,"menu_order":5,"comment_status":"closed","ping_status":"closed","template":"","meta":{"footnotes":""},"class_list":["post-34","page","type-page","status-publish","hentry"],"_links":{"self":[{"href":"https:\/\/sheep-casing.com\/index.php?rest_route=\/wp\/v2\/pages\/34","targetHints":{"allow":["GET"]}}],"collection":[{"href":"https:\/\/sheep-casing.com\/index.php?rest_route=\/wp\/v2\/pages"}],"about":[{"href":"https:\/\/sheep-casing.com\/index.php?rest_route=\/wp\/v2\/types\/page"}],"author":[{"embeddable":true,"href":"https:\/\/sheep-casing.com\/index.php?rest_route=\/wp\/v2\/users\/1"}],"replies":[{"embeddable":true,"href":"https:\/\/sheep-casing.com\/index.php?rest_route=%2Fwp%2Fv2%2Fcomments&post=34"}],"version-history":[{"count":13,"href":"https:\/\/sheep-casing.com\/index.php?rest_route=\/wp\/v2\/pages\/34\/revisions"}],"predecessor-version":[{"id":164,"href":"https:\/\/sheep-casing.com\/index.php?rest_route=\/wp\/v2\/pages\/34\/revisions\/164"}],"wp:attachment":[{"href":"https:\/\/sheep-casing.com\/index.php?rest_route=%2Fwp%2Fv2%2Fmedia&parent=34"}],"curies":[{"name":"wp","href":"https:\/\/api.w.org\/{rel}","templated":true}]}}